{"id":2682,"date":"2024-07-01T17:58:07","date_gmt":"2024-07-01T17:58:07","guid":{"rendered":"https:\/\/e-pisarna.eu\/?page_id=1172"},"modified":"2024-07-01T17:58:07","modified_gmt":"2024-07-01T17:58:07","slug":"senzorji","status":"publish","type":"page","link":"https:\/\/e-pisarna.eu\/oddelki\/akademija\/arduino\/senzorji\/","title":{"rendered":"Senzorji za Arduino"},"content":{"rendered":"\n<h4 class=\"wp-block-heading\">Opis senzorjev<\/h4>\n\n\n\n<p>Senzorji so naprave, ki zaznavajo in merijo fizi\u010dne lastnosti okolja, kot so temperatura, vla\u017enost, gibanje, prisotnost plinov, in mnoge druge. Podatke, ki jih zaznajo, pretvorijo v elektri\u010dne signale, ki jih nato po\u0161iljajo mikrokontrolerjem, kot je <a href=\"https:\/\/e-pisarna.eu\/oddelki\/akademija\/arduino\/\">Arduino<\/a>. Mikrokontroler te signale obdeluje in na podlagi pridobljenih podatkov spro\u017ei razli\u010dna dejanja, kot so prikaz vrednosti na zaslonu, po\u0161iljanje opozoril ali nadzor drugih naprav.<\/p>\n\n\n\n<h4 class=\"wp-block-heading\">Princip delovanja senzorjev<\/h4>\n\n\n\n<ol class=\"wp-block-list\">\n<li><strong>Zaznavanje<\/strong>: Senzorji zaznajo specifi\u010dno fizikalno lastnost (npr. temperatura, vlaga, gibanje).<\/li>\n\n\n\n<li><strong>Pretvorba<\/strong>: Zaznano lastnost pretvorijo v elektri\u010dni signal.<\/li>\n\n\n\n<li><strong>Prenos<\/strong>: Elektri\u010dni signal po\u0161ljejo mikrokontrolerju.<\/li>\n\n\n\n<li><strong>Obdelava<\/strong>: Mikrokontroler obdeluje prejete podatke in na podlagi le-teh izvaja programirana dejanja.<\/li>\n\n\n\n<li><\/li>\n<\/ol>\n\n\n\n<h3 class=\"wp-block-heading\">Seznam senzorjev za Arduino projekte<\/h3>\n\n\n\n<ol class=\"wp-block-list\">\n<li><a href=\"https:\/\/e-pisarna.eu\/oddelki\/akademija\/arduino\/senzorji\/senzor-temperature\/\">Senzor Temperature<\/a><\/li>\n\n\n\n<li><a href=\"https:\/\/e-pisarna.eu\/oddelki\/akademija\/arduino\/senzorji\/senzor-vlaznosti\/\">Senzor Vla\u017enosti<\/a><\/li>\n\n\n\n<li>Senzor Hitrosti in Smeri Vetra<\/li>\n\n\n\n<li>Senzor Morebitnega Razlitja Nafte<\/li>\n\n\n\n<li>Senzor Vdora Vode<\/li>\n\n\n\n<li>Senzor Uhajanja Plina<\/li>\n\n\n\n<li>Senzor Spremembe Koordinat<\/li>\n\n\n\n<li>Senzor Gibanja<\/li>\n\n\n\n<li>Senzor Globine<\/li>\n<\/ol>\n","protected":false},"excerpt":{"rendered":"<p>Opis senzorjev Senzorji so naprave, ki zaznavajo in merijo fizi\u010dne lastnosti okolja, kot so temperatura, vla\u017enost, gibanje, prisotnost plinov, in mnoge druge. Podatke, ki jih zaznajo, pretvorijo v elektri\u010dne signale, ki jih nato po\u0161iljajo mikrokontrolerjem, kot je Arduino. Mikrokontroler te signale obdeluje in na podlagi pridobljenih podatkov spro\u017ei razli\u010dna dejanja, kot so prikaz vrednosti na [&hellip;]<\/p>\n","protected":false},"author":26,"featured_media":1188,"parent":2674,"menu_order":7,"comment_status":"closed","ping_status":"closed","template":"","meta":{"pagelayer_contact_templates":[],"_pagelayer_content":"","pmpro_default_level":"","footnotes":""},"class_list":["post-2682","page","type-page","status-publish","has-post-thumbnail","hentry","pmpro-has-access"],"jetpack_sharing_enabled":true,"_links":{"self":[{"href":"https:\/\/e-pisarna.eu\/oddelki\/wp-json\/wp\/v2\/pages\/2682","targetHints":{"allow":["GET"]}}],"collection":[{"href":"https:\/\/e-pisarna.eu\/oddelki\/wp-json\/wp\/v2\/pages"}],"about":[{"href":"https:\/\/e-pisarna.eu\/oddelki\/wp-json\/wp\/v2\/types\/page"}],"author":[{"embeddable":true,"href":"https:\/\/e-pisarna.eu\/oddelki\/wp-json\/wp\/v2\/users\/26"}],"replies":[{"embeddable":true,"href":"https:\/\/e-pisarna.eu\/oddelki\/wp-json\/wp\/v2\/comments?post=2682"}],"version-history":[{"count":0,"href":"https:\/\/e-pisarna.eu\/oddelki\/wp-json\/wp\/v2\/pages\/2682\/revisions"}],"up":[{"embeddable":true,"href":"https:\/\/e-pisarna.eu\/oddelki\/wp-json\/wp\/v2\/pages\/2674"}],"wp:featuredmedia":[{"embeddable":true,"href":"https:\/\/e-pisarna.eu\/oddelki\/wp-json\/wp\/v2\/media\/1188"}],"wp:attachment":[{"href":"https:\/\/e-pisarna.eu\/oddelki\/wp-json\/wp\/v2\/media?parent=2682"}],"curies":[{"name":"wp","href":"https:\/\/api.w.org\/{rel}","templated":true}]}}