{"id":2678,"date":"2024-07-01T16:54:51","date_gmt":"2024-07-01T16:54:51","guid":{"rendered":"https:\/\/e-pisarna.eu\/?page_id=1145"},"modified":"2024-07-01T16:54:51","modified_gmt":"2024-07-01T16:54:51","slug":"avtomatsko","status":"publish","type":"page","link":"https:\/\/e-pisarna.eu\/oddelki\/akademija\/arduino\/avtomatsko\/","title":{"rendered":"Avtomatizacija nalog"},"content":{"rendered":"\n<p>Avtomatizacija je klju\u010dna funkcija Arduina, ki vam omogo\u010da izvajanje nalog na podlagi vnaprej dolo\u010denih pogojev brez ro\u010dnega posredovanja. Ta vodi\u010d pokriva, kako nastaviti avtomatske sisteme z uporabo senzorjev in aktuatorjev, pisati kodo za odzivanje na spremembe v okolju ter ustvarjati projekte, kot so avtomatski namakalni sistemi, pametna razsvetljava in varnostni alarmi. Nau\u010dite se izkoristiti mo\u010d Arduina za poenostavitev in izbolj\u0161anje va\u0161ih vsakodnevnih nalog.<\/p>\n","protected":false},"excerpt":{"rendered":"<p>Avtomatizacija je klju\u010dna funkcija Arduina, ki vam omogo\u010da izvajanje nalog na podlagi vnaprej dolo\u010denih pogojev brez ro\u010dnega posredovanja. Ta vodi\u010d pokriva, kako nastaviti avtomatske sisteme z uporabo senzorjev in aktuatorjev, pisati kodo za odzivanje na spremembe v okolju ter ustvarjati projekte, kot so avtomatski namakalni sistemi, pametna razsvetljava in varnostni alarmi. Nau\u010dite se izkoristiti mo\u010d [&hellip;]<\/p>\n","protected":false},"author":26,"featured_media":2725,"parent":2674,"menu_order":3,"comment_status":"closed","ping_status":"closed","template":"","meta":{"pagelayer_contact_templates":[],"_pagelayer_content":"","pmpro_default_level":"","footnotes":""},"class_list":["post-2678","page","type-page","status-publish","has-post-thumbnail","hentry","pmpro-has-access"],"jetpack_sharing_enabled":true,"_links":{"self":[{"href":"https:\/\/e-pisarna.eu\/oddelki\/wp-json\/wp\/v2\/pages\/2678","targetHints":{"allow":["GET"]}}],"collection":[{"href":"https:\/\/e-pisarna.eu\/oddelki\/wp-json\/wp\/v2\/pages"}],"about":[{"href":"https:\/\/e-pisarna.eu\/oddelki\/wp-json\/wp\/v2\/types\/page"}],"author":[{"embeddable":true,"href":"https:\/\/e-pisarna.eu\/oddelki\/wp-json\/wp\/v2\/users\/26"}],"replies":[{"embeddable":true,"href":"https:\/\/e-pisarna.eu\/oddelki\/wp-json\/wp\/v2\/comments?post=2678"}],"version-history":[{"count":0,"href":"https:\/\/e-pisarna.eu\/oddelki\/wp-json\/wp\/v2\/pages\/2678\/revisions"}],"up":[{"embeddable":true,"href":"https:\/\/e-pisarna.eu\/oddelki\/wp-json\/wp\/v2\/pages\/2674"}],"wp:featuredmedia":[{"embeddable":true,"href":"https:\/\/e-pisarna.eu\/oddelki\/wp-json\/wp\/v2\/media\/2725"}],"wp:attachment":[{"href":"https:\/\/e-pisarna.eu\/oddelki\/wp-json\/wp\/v2\/media?parent=2678"}],"curies":[{"name":"wp","href":"https:\/\/api.w.org\/{rel}","templated":true}]}}