{"id":2676,"date":"2024-07-01T16:26:23","date_gmt":"2024-07-01T16:26:23","guid":{"rendered":"https:\/\/e-pisarna.eu\/?page_id=1124"},"modified":"2024-07-01T16:26:23","modified_gmt":"2024-07-01T16:26:23","slug":"mikrokontrolerji","status":"publish","type":"page","link":"https:\/\/e-pisarna.eu\/oddelki\/akademija\/arduino\/mikrokontrolerji\/","title":{"rendered":"Mikrokontrolerji"},"content":{"rendered":"\n<p>Mikrokontrolerji so srce <a href=\"https:\/\/e-pisarna.eu\/oddelki\/akademija\/arduino\/\">Arduino<\/a> plo\u0161\u010d, ki omogo\u010dajo obdelavo vhodov in nadzor izhodov. Ta obse\u017een vodi\u010d pojasnjuje, kaj so mikrokontrolerji, njihovo vlogo v ekosistemu Arduino in kako delujejo. Nau\u010dite se o razli\u010dnih komponentah mikrokontrolerjev, kot so procesorji, pomnilnik in vhodno-izhodne periferne enote, ter odkrijte, kako medsebojno sodelujejo pri izvajanju va\u0161e kode in nadzoru povezanih naprav.<\/p>\n\n\n\n<p><strong><a href=\"https:\/\/e-pisarna.eu\/oddelki\/akademija\/arduino\/senzorji\/\">Senzorji<\/a> za zaznavanje:<\/strong><\/p>\n\n\n\n<ul class=\"wp-block-list\">\n<li><a href=\"https:\/\/e-pisarna.eu\/oddelki\/akademija\/arduino\/senzorji\/senzor-temperature\/\">Senzor Temperature<\/a>: <a href=\"https:\/\/e-pisarna.eu\/oddelki\/akademija\/arduino\/merjene_vrednosti\/\">Merjenje<\/a> temperature v barki, izven barke in v prostoru motorja.<\/li>\n\n\n\n<li><a href=\"https:\/\/e-pisarna.eu\/oddelki\/akademija\/arduino\/senzorji\/senzor-vlaznosti\/\">Senzor Vla\u017enosti<\/a>: Merjenje vla\u017enosti v barki in izven barke.<\/li>\n\n\n\n<li>Senzor Hitrosti in smeri vetra: Merjenje hitrosti in smeri vetra na vrhu jamborja ali na strehi plovila.<\/li>\n\n\n\n<li>Senzor Morebitnega razlitja nafte: Zaznavanje razlitja nafte v prostoru za shranjevanje goriva.<\/li>\n\n\n\n<li>Senzor Vdora vode: Zaznavanje vdora vode na najni\u017eji to\u010dki v notranjosti plovila in v prostoru, kjer so ventili pod nivojem vode.<\/li>\n\n\n\n<li>Senzor Uhajanja plina: Zaznavanje uhajanja plina na najni\u017eji to\u010dki v notranjosti plovila.<\/li>\n\n\n\n<li>Senzor Spremembe koordinat: Spremljanje spremembe koordinat plovila v primeru, da se barka odve\u017ee ali je ukradena.<\/li>\n\n\n\n<li>Senzor Gibanja: Zaznavanje gibanja na palubi in v notranjosti plovila.<\/li>\n\n\n\n<li>Senzor Globine: Merjenje globine vode pod plovilom.<\/li>\n<\/ul>\n\n\n\n<p>Klju\u010dne besede: mikrokontrolerji, Arduino, vhodi izhodi<\/p>\n","protected":false},"excerpt":{"rendered":"<p>Mikrokontrolerji so srce Arduino plo\u0161\u010d, ki omogo\u010dajo obdelavo vhodov in nadzor izhodov. Ta obse\u017een vodi\u010d pojasnjuje, kaj so mikrokontrolerji, njihovo vlogo v ekosistemu Arduino in kako delujejo. Nau\u010dite se o razli\u010dnih komponentah mikrokontrolerjev, kot so procesorji, pomnilnik in vhodno-izhodne periferne enote, ter odkrijte, kako medsebojno sodelujejo pri izvajanju va\u0161e kode in nadzoru povezanih naprav. Senzorji [&hellip;]<\/p>\n","protected":false},"author":26,"featured_media":2724,"parent":2674,"menu_order":2,"comment_status":"closed","ping_status":"closed","template":"","meta":{"pagelayer_contact_templates":[],"_pagelayer_content":"","pmpro_default_level":"","footnotes":""},"class_list":["post-2676","page","type-page","status-publish","has-post-thumbnail","hentry","pmpro-has-access"],"jetpack_sharing_enabled":true,"_links":{"self":[{"href":"https:\/\/e-pisarna.eu\/oddelki\/wp-json\/wp\/v2\/pages\/2676","targetHints":{"allow":["GET"]}}],"collection":[{"href":"https:\/\/e-pisarna.eu\/oddelki\/wp-json\/wp\/v2\/pages"}],"about":[{"href":"https:\/\/e-pisarna.eu\/oddelki\/wp-json\/wp\/v2\/types\/page"}],"author":[{"embeddable":true,"href":"https:\/\/e-pisarna.eu\/oddelki\/wp-json\/wp\/v2\/users\/26"}],"replies":[{"embeddable":true,"href":"https:\/\/e-pisarna.eu\/oddelki\/wp-json\/wp\/v2\/comments?post=2676"}],"version-history":[{"count":0,"href":"https:\/\/e-pisarna.eu\/oddelki\/wp-json\/wp\/v2\/pages\/2676\/revisions"}],"up":[{"embeddable":true,"href":"https:\/\/e-pisarna.eu\/oddelki\/wp-json\/wp\/v2\/pages\/2674"}],"wp:featuredmedia":[{"embeddable":true,"href":"https:\/\/e-pisarna.eu\/oddelki\/wp-json\/wp\/v2\/media\/2724"}],"wp:attachment":[{"href":"https:\/\/e-pisarna.eu\/oddelki\/wp-json\/wp\/v2\/media?parent=2676"}],"curies":[{"name":"wp","href":"https:\/\/api.w.org\/{rel}","templated":true}]}}