{"id":2672,"date":"2024-06-10T15:36:15","date_gmt":"2024-06-10T15:36:15","guid":{"rendered":"https:\/\/e-pisarna.eu\/?page_id=1028"},"modified":"2024-06-10T15:36:15","modified_gmt":"2024-06-10T15:36:15","slug":"izobrazevalne-delavnice-in-seminarji","status":"publish","type":"page","link":"https:\/\/e-pisarna.eu\/oddelki\/o-nas\/digitalne-storitve\/izobrazevanja\/izobrazevalne-delavnice-in-seminarji\/","title":{"rendered":"Izobra\u017eevalne delavnice in seminarji"},"content":{"rendered":"\n<h4 class=\"wp-block-heading\"><strong>Spodbujanje u\u010dinkovitosti: Donosnost mikro u\u010denja in gemifikacije<\/strong><\/h4>\n\n\n\n<p>Nalo\u017eba v mikro u\u010denje in gemifikacijo prina\u0161a oprijemljive rezultate. Z opremljanjem zaposlenih z relevantnimi ve\u0161\u010dinami in znanjem to\u010dno takrat, ko jih potrebujejo, lahko organizacije spodbujajo izbolj\u0161anje u\u010dinkovitosti na vseh podro\u010djih. Od pove\u010dane produktivnosti do izbolj\u0161anega zadovoljstva strank, koristi segajo dale\u010d preko meja tradicionalnih metod usposabljanja.<\/p>\n\n\n\n<p><strong>Prednosti za podjetja in posameznike:<\/strong><\/p>\n\n\n\n<ul class=\"wp-block-list\">\n<li><strong>Prakti\u010dne delavnice:<\/strong> Osredoto\u010denost na prakti\u010dne ve\u0161\u010dine, ki jih lahko takoj uporabite.<\/li>\n\n\n\n<li><strong>Interaktivnost:<\/strong> Aktivno sodelovanje udele\u017eencev pove\u010duje anga\u017eiranost in pomnjenje.<\/li>\n\n\n\n<li><strong>Izmenjava znanj:<\/strong> Mo\u017enost mre\u017eenja in izmenjave izku\u0161enj med udele\u017eenci.<\/li>\n<\/ul>\n","protected":false},"excerpt":{"rendered":"<p>Spodbujanje u\u010dinkovitosti: Donosnost mikro u\u010denja in gemifikacije Nalo\u017eba v mikro u\u010denje in gemifikacijo prina\u0161a oprijemljive rezultate. Z opremljanjem zaposlenih z relevantnimi ve\u0161\u010dinami in znanjem to\u010dno takrat, ko jih potrebujejo, lahko organizacije spodbujajo izbolj\u0161anje u\u010dinkovitosti na vseh podro\u010djih. Od pove\u010dane produktivnosti do izbolj\u0161anega zadovoljstva strank, koristi segajo dale\u010d preko meja tradicionalnih metod usposabljanja. Prednosti za podjetja [&hellip;]<\/p>\n","protected":false},"author":26,"featured_media":0,"parent":2669,"menu_order":0,"comment_status":"closed","ping_status":"closed","template":"","meta":{"pagelayer_contact_templates":[],"_pagelayer_content":"","pmpro_default_level":"","footnotes":""},"class_list":["post-2672","page","type-page","status-publish","hentry","pmpro-has-access"],"jetpack_sharing_enabled":true,"_links":{"self":[{"href":"https:\/\/e-pisarna.eu\/oddelki\/wp-json\/wp\/v2\/pages\/2672","targetHints":{"allow":["GET"]}}],"collection":[{"href":"https:\/\/e-pisarna.eu\/oddelki\/wp-json\/wp\/v2\/pages"}],"about":[{"href":"https:\/\/e-pisarna.eu\/oddelki\/wp-json\/wp\/v2\/types\/page"}],"author":[{"embeddable":true,"href":"https:\/\/e-pisarna.eu\/oddelki\/wp-json\/wp\/v2\/users\/26"}],"replies":[{"embeddable":true,"href":"https:\/\/e-pisarna.eu\/oddelki\/wp-json\/wp\/v2\/comments?post=2672"}],"version-history":[{"count":0,"href":"https:\/\/e-pisarna.eu\/oddelki\/wp-json\/wp\/v2\/pages\/2672\/revisions"}],"up":[{"embeddable":true,"href":"https:\/\/e-pisarna.eu\/oddelki\/wp-json\/wp\/v2\/pages\/2669"}],"wp:attachment":[{"href":"https:\/\/e-pisarna.eu\/oddelki\/wp-json\/wp\/v2\/media?parent=2672"}],"curies":[{"name":"wp","href":"https:\/\/api.w.org\/{rel}","templated":true}]}}